{"id":2380,"date":"2024-08-22T14:03:01","date_gmt":"2024-08-22T12:03:01","guid":{"rendered":"https:\/\/campingdauberoche.fr\/ecological-camping-in-dordogne\/"},"modified":"2026-01-20T15:31:29","modified_gmt":"2026-01-20T14:31:29","slug":"ecological-camping-in-dordogne","status":"publish","type":"page","link":"https:\/\/campingdauberoche.fr\/en\/ecological-camping-in-dordogne\/","title":{"rendered":"Ecological camping in Dordogne"},"content":{"rendered":"\n<div class=\"wp-block-group pluneflex\"><div class=\"wp-block-group__inner-container is-layout-constrained wp-block-group-is-layout-constrained\">\n<div style=\"height:50px\" aria-hidden=\"true\" class=\"wp-block-spacer\"><\/div>\n\n\n\n<div class=\"wp-block-media-text has-media-on-the-right is-stacked-on-mobile is-image-fill\"><div class=\"wp-block-media-text__content\">\n<p>Welcome to Camping d&#8217;Auberoche, a friendly, family-run and above all eco-responsible campsite.\nWe fell in love with this wooded campsite in a natural setting, and since December 2022 we&#8217;ve been committed to giving it a new lease of life.\nRespect for the environment is paramount to us, and we strive to minimize the impact of our activity on the ecosystem.\nOur aim is to offer you a pleasant setting for your vacation, while preserving the natural environment that surrounds us.   <\/p>\n<\/div><figure class=\"wp-block-media-text__media\" style=\"background-image:url(https:\/\/campingdauberoche.fr\/wp-content\/uploads\/2024\/06\/Flashpixstudio-0187-scaled-1-1024x683.jpg);background-position:50% 50%\"><img alt=\"Fleurs rouges de sumac sous le ciel bleu.\" loading=\"lazy\" decoding=\"async\" width=\"1024\" height=\"683\" src=\"https:\/\/campingdauberoche.fr\/wp-content\/uploads\/2024\/06\/Flashpixstudio-0187-scaled-1-1024x683.jpg\" alt=\"\" class=\"wp-image-86 size-full\" srcset=\"https:\/\/campingdauberoche.fr\/wp-content\/uploads\/2024\/06\/Flashpixstudio-0187-scaled-1-1024x683.jpg 1024w, https:\/\/campingdauberoche.fr\/wp-content\/uploads\/2024\/06\/Flashpixstudio-0187-scaled-1-300x200.jpg 300w, https:\/\/campingdauberoche.fr\/wp-content\/uploads\/2024\/06\/Flashpixstudio-0187-scaled-1-768x512.jpg 768w\" sizes=\"auto, (max-width: 1024px) 100vw, 1024px\" \/><\/figure><\/div>\n\n\n\n<div style=\"height:50px\" aria-hidden=\"true\" class=\"wp-block-spacer\"><\/div>\n\n\n\n<h2 class=\"wp-block-heading\">Our green initiatives for an eco-responsible campsite in the Dordogne<\/h2>\n\n\n\n<div style=\"height:30px\" aria-hidden=\"true\" class=\"wp-block-spacer\"><\/div>\n\n\n\n<div class=\"wp-block-media-text is-stacked-on-mobile is-image-fill\" style=\"grid-template-columns:49% auto\"><figure class=\"wp-block-media-text__media\" style=\"background-image:url(https:\/\/campingdauberoche.fr\/wp-content\/uploads\/2024\/07\/Flashpixstudio-0119-1024x683.jpg);background-position:50% 50%\"><img alt=\"Sanitaires ext\u00e9rieurs en bois dans un jardin verdoyant.\" loading=\"lazy\" decoding=\"async\" width=\"1024\" height=\"683\" src=\"https:\/\/campingdauberoche.fr\/wp-content\/uploads\/2024\/07\/Flashpixstudio-0119-1024x683.jpg\" alt=\"\" class=\"wp-image-663 size-full\" srcset=\"https:\/\/campingdauberoche.fr\/wp-content\/uploads\/2024\/07\/Flashpixstudio-0119-1024x683.jpg 1024w, https:\/\/campingdauberoche.fr\/wp-content\/uploads\/2024\/07\/Flashpixstudio-0119-300x200.jpg 300w, https:\/\/campingdauberoche.fr\/wp-content\/uploads\/2024\/07\/Flashpixstudio-0119-768x512.jpg 768w\" sizes=\"auto, (max-width: 1024px) 100vw, 1024px\" \/><\/figure><div class=\"wp-block-media-text__content\">\n<p>To give concrete expression to our commitment to the environment, we have set up a number of eco-responsible initiatives:<\/p>\n\n\n\n<h4 class=\"wp-block-heading\">Water Management<\/h4>\n\n\n\n<p>We are aware of the importance of water and have therefore installed water-saving systems in all our facilities.\nLow-flow taps and showers have been installed to minimize waste. <\/p>\n\n\n\n<h4 class=\"wp-block-heading\">Energy Management<\/h4>\n\n\n\n<p>We have installed low-energy LED lighting throughout the campsite, reducing our energy footprint.<\/p>\n\n\n\n<h4 class=\"wp-block-heading\">Waste Management<\/h4>\n\n\n\n<p>Recycling is a priority at <strong>Camping d&#8217;Auberoche<\/strong>.\nRecycling garbage cans are placed at various points around the campsite to encourage campers to sort their waste.   <\/p>\n\n\n\n<h4 class=\"wp-block-heading\">Grounds Maintenance<\/h4>\n\n\n\n<p>We are committed to using environmentally-friendly cleaning products to keep our facilities clean.\nGreen spaces are maintained without the use of pesticides or chemical fertilizers, thus preserving the biodiversity of our site.\nWe also encourage the planting of local species to support native flora and fauna.  <\/p>\n<\/div><\/div>\n\n\n\n<div style=\"height:50px\" aria-hidden=\"true\" class=\"wp-block-spacer\"><\/div>\n\n\n\n<h2 class=\"wp-block-heading has-text-align-right\">Involving visitors in our commitment to the environment<\/h2>\n\n\n\n<div style=\"height:30px\" aria-hidden=\"true\" class=\"wp-block-spacer\"><\/div>\n\n\n\n<div class=\"wp-block-media-text has-media-on-the-right is-stacked-on-mobile is-image-fill\"><div class=\"wp-block-media-text__content\">\n<div style=\"height:30px\" aria-hidden=\"true\" class=\"wp-block-spacer\"><\/div>\n\n\n\n<p>We believe that every little bit counts, and we invite our visitors to join us in our efforts to preserve the environment.\nHere are a few simple gestures you can adopt during your stay: <\/p>\n\n\n\n<ul class=\"wp-block-list\">\n<li><strong>Turn off lights<\/strong> and electrical appliances when not in use.<\/li>\n\n\n\n<li><strong>Limit water use<\/strong> by taking short showers and turning off the taps when brushing your teeth.<\/li>\n\n\n\n<li><strong>Sort your waste<\/strong> using the recycling garbage cans provided.<\/li>\n\n\n\n<li><strong>Take part in composting<\/strong> by depositing your organic waste in the bins provided.<\/li>\n\n\n\n<li><strong>Respect nature<\/strong> by not leaving any garbage behind on your walks and excursions.<\/li>\n<\/ul>\n\n\n\n<p>Together, we can make a significant difference to the environment.<\/p>\n<\/div><figure class=\"wp-block-media-text__media\" style=\"background-image:url(https:\/\/campingdauberoche.fr\/wp-content\/uploads\/2024\/06\/Flashpixstudio-0221-scaled-1-1024x683.jpg);background-position:50% 50%\"><img alt=\"Rivi\u00e8re tranquille entour\u00e9e de v\u00e9g\u00e9tation luxuriante\" loading=\"lazy\" decoding=\"async\" width=\"1024\" height=\"683\" src=\"https:\/\/campingdauberoche.fr\/wp-content\/uploads\/2024\/06\/Flashpixstudio-0221-scaled-1-1024x683.jpg\" alt=\"\" class=\"wp-image-80 size-full\" srcset=\"https:\/\/campingdauberoche.fr\/wp-content\/uploads\/2024\/06\/Flashpixstudio-0221-scaled-1-1024x683.jpg 1024w, https:\/\/campingdauberoche.fr\/wp-content\/uploads\/2024\/06\/Flashpixstudio-0221-scaled-1-300x200.jpg 300w, https:\/\/campingdauberoche.fr\/wp-content\/uploads\/2024\/06\/Flashpixstudio-0221-scaled-1-768x512.jpg 768w\" sizes=\"auto, (max-width: 1024px) 100vw, 1024px\" \/><\/figure><\/div>\n\n\n\n<div style=\"height:50px\" aria-hidden=\"true\" class=\"wp-block-spacer\"><\/div>\n\n\n\n<h2 class=\"wp-block-heading\">Continuous improvements for sustainable vacations<\/h2>\n\n\n\n<div style=\"height:30px\" aria-hidden=\"true\" class=\"wp-block-spacer\"><\/div>\n\n\n\n<div class=\"wp-block-media-text is-stacked-on-mobile is-image-fill\"><figure class=\"wp-block-media-text__media\" style=\"background-image:url(https:\/\/campingdauberoche.fr\/wp-content\/uploads\/2024\/07\/Flashpixstudio-0231-1024x683.jpg);background-position:50% 50%\"><img alt=\"Fleurs rouges devant une cl\u00f4ture en bois\" loading=\"lazy\" decoding=\"async\" width=\"1024\" height=\"683\" src=\"https:\/\/campingdauberoche.fr\/wp-content\/uploads\/2024\/07\/Flashpixstudio-0231-1024x683.jpg\" alt=\"\" class=\"wp-image-405 size-full\" srcset=\"https:\/\/campingdauberoche.fr\/wp-content\/uploads\/2024\/07\/Flashpixstudio-0231-1024x683.jpg 1024w, https:\/\/campingdauberoche.fr\/wp-content\/uploads\/2024\/07\/Flashpixstudio-0231-300x200.jpg 300w, https:\/\/campingdauberoche.fr\/wp-content\/uploads\/2024\/07\/Flashpixstudio-0231-768x512.jpg 768w\" sizes=\"auto, (max-width: 1024px) 100vw, 1024px\" \/><\/figure><div class=\"wp-block-media-text__content\">\n<p>Every year, we think of new ways to improve our ecological behavior and our facilities.\nWe&#8217;re always looking for innovative ways to reduce our carbon footprint and protect our beautiful region.\nYour feedback and ideas are invaluable in helping us achieve these goals.\nPlease let us know if you have any suggestions for making our campsite even more <strong>eco-responsible<\/strong>.   <\/p>\n<\/div><\/div>\n<\/div><\/div>\n","protected":false},"excerpt":{"rendered":"<p>Welcome to Camping d&#8217;Auberoche, a friendly, family-run and above all eco-responsible campsite. We fell in love with this wooded campsite in a natural setting, and since December 2022 we&#8217;ve been committed to giving it a new lease of life. Respect for the environment is paramount to us, and we strive to minimize the impact of [&hellip;]<\/p>\n","protected":false},"author":1,"featured_media":87,"parent":0,"menu_order":0,"comment_status":"closed","ping_status":"closed","template":"","meta":{"_acf_changed":false,"_seopress_robots_primary_cat":"","_seopress_titles_title":"Ecological campsite Dordogne | ecoresponsible campsite in P\u00e9rigueux","_seopress_titles_desc":"Discover the ecological approach of Camping d&#039;Auberoche in P\u00e9rigueux. Join us for an environmentally-friendly holiday.","_seopress_robots_index":"","footnotes":""},"class_list":["post-2380","page","type-page","status-publish","has-post-thumbnail","hentry"],"acf":[],"_links":{"self":[{"href":"https:\/\/campingdauberoche.fr\/en\/wp-json\/wp\/v2\/pages\/2380","targetHints":{"allow":["GET"]}}],"collection":[{"href":"https:\/\/campingdauberoche.fr\/en\/wp-json\/wp\/v2\/pages"}],"about":[{"href":"https:\/\/campingdauberoche.fr\/en\/wp-json\/wp\/v2\/types\/page"}],"author":[{"embeddable":true,"href":"https:\/\/campingdauberoche.fr\/en\/wp-json\/wp\/v2\/users\/1"}],"replies":[{"embeddable":true,"href":"https:\/\/campingdauberoche.fr\/en\/wp-json\/wp\/v2\/comments?post=2380"}],"version-history":[{"count":3,"href":"https:\/\/campingdauberoche.fr\/en\/wp-json\/wp\/v2\/pages\/2380\/revisions"}],"predecessor-version":[{"id":2416,"href":"https:\/\/campingdauberoche.fr\/en\/wp-json\/wp\/v2\/pages\/2380\/revisions\/2416"}],"wp:featuredmedia":[{"embeddable":true,"href":"https:\/\/campingdauberoche.fr\/en\/wp-json\/wp\/v2\/media\/87"}],"wp:attachment":[{"href":"https:\/\/campingdauberoche.fr\/en\/wp-json\/wp\/v2\/media?parent=2380"}],"curies":[{"name":"wp","href":"https:\/\/api.w.org\/{rel}","templated":true}]}}