{"id":2433,"date":"2024-08-22T14:40:36","date_gmt":"2024-08-22T12:40:36","guid":{"rendered":"https:\/\/campingdauberoche.fr\/camping-with-entertainment-in-perigueux\/"},"modified":"2026-01-20T15:31:39","modified_gmt":"2026-01-20T14:31:39","slug":"camping-with-entertainment-in-perigueux","status":"publish","type":"page","link":"https:\/\/campingdauberoche.fr\/en\/camping-with-entertainment-in-perigueux\/","title":{"rendered":"Camping with entertainment in P\u00e9rigueux"},"content":{"rendered":"\n<div class=\"wp-block-group pluneflex\"><div class=\"wp-block-group__inner-container is-layout-constrained wp-block-group-is-layout-constrained\"><div class=\"wp-block-image\">\n<figure class=\"aligncenter size-large\"><img alt=\"Groupe faisant du yoga dans un parc verdoyant.\" loading=\"lazy\" decoding=\"async\" width=\"1024\" height=\"683\" src=\"https:\/\/campingdauberoche.fr\/wp-content\/uploads\/2024\/07\/Flashpixstudio-0282-1024x683.jpg\" alt=\"\" class=\"wp-image-272\" srcset=\"https:\/\/campingdauberoche.fr\/wp-content\/uploads\/2024\/07\/Flashpixstudio-0282-1024x683.jpg 1024w, https:\/\/campingdauberoche.fr\/wp-content\/uploads\/2024\/07\/Flashpixstudio-0282-300x200.jpg 300w, https:\/\/campingdauberoche.fr\/wp-content\/uploads\/2024\/07\/Flashpixstudio-0282-768x512.jpg 768w\" sizes=\"auto, (max-width: 1024px) 100vw, 1024px\" \/><\/figure>\n<\/div>\n\n\n<div style=\"height:30px\" aria-hidden=\"true\" class=\"wp-block-spacer\"><\/div>\n\n\n\n<h2 class=\"wp-block-heading\">Activities for the whole family at the campsite<\/h2>\n\n\n\n<p>Although we opted for a <strong>quiet, restful<\/strong> campsite, staying at Camping d&#8217;Auberoche <strong>doesn&#8217;t mean dullness and inactivity<\/strong>.<\/p>\n\n\n\n<p>Spend a memorable vacation in the Dordogne, in a natural and rural setting, with daytime and evening <strong>activities<\/strong> at Camping d&#8217;Auberoche, a family campsite near P\u00e9rigueux. Discover activities and entertainment for young and old, parents and grandparents that will make your stay in the upper P\u00e9rigord Noir unforgettable. <\/p>\n\n\n\n<p>The campsite has facilities for the whole family. Children and adults alike will enjoy the wide-open spaces and outdoor games. You can run, cycle, play ball or snowshoe, not forgetting fishing. Free activities for all!   <\/p>\n\n\n\n<p>And for those who prefer to relax and <strong>unwind<\/strong>, you&#8217;ll find spaces by the river for a reading session or a siesta on the grass, overlooking nature and lulled by the sound of water and birdsong.<\/p>\n\n\n\n<div class=\"wp-block-media-text has-media-on-the-right is-stacked-on-mobile is-image-fill\"><div class=\"wp-block-media-text__content\">\n<div style=\"height:100px\" aria-hidden=\"true\" class=\"wp-block-spacer\"><\/div>\n\n\n\n<h3 class=\"wp-block-heading\">Games<\/h3>\n\n\n\n<ul class=\"wp-block-list\">\n<li>A playground with a slide structure, <strong>trampoline<\/strong> and spring-loaded games<\/li>\n\n\n\n<li>A bouncy <strong>castle<\/strong> <\/li>\n\n\n\n<li>A <strong>petanque<\/strong> court<\/li>\n\n\n\n<li><strong>Ping-pong<\/strong> tables<\/li>\n\n\n\n<li><strong>Table soccer<\/strong> (for a fee)<\/li>\n\n\n\n<li>Loan of table tennis rackets and net, loan of p\u00e9tanque balls<\/li>\n<\/ul>\n\n\n\n<p><strong>Card games<\/strong> and <strong>board<\/strong> games are available on loan from reception, for convivial moments with friends or family. We also offer a small <strong>library<\/strong> for young and old. <\/p>\n\n\n\n<p>Our playground with slide, trampoline and bouncy castle is the ideal place for children to make friends during their stay and make their vacation unforgettable.<\/p>\n\n\n\n<p>.<\/p>\n<\/div><figure class=\"wp-block-media-text__media\" style=\"background-image:url(https:\/\/campingdauberoche.fr\/wp-content\/uploads\/2024\/07\/Camping-Auberoche-Jeux-Enfants-1024x683.jpg);background-position:50% 50%\"><img alt=\"Jeu \u00e0 ressort canard et trampoline, aire de jeux.\" loading=\"lazy\" decoding=\"async\" width=\"1024\" height=\"683\" src=\"https:\/\/campingdauberoche.fr\/wp-content\/uploads\/2024\/07\/Camping-Auberoche-Jeux-Enfants-1024x683.jpg\" alt=\"\" class=\"wp-image-381 size-full\" srcset=\"https:\/\/campingdauberoche.fr\/wp-content\/uploads\/2024\/07\/Camping-Auberoche-Jeux-Enfants-1024x683.jpg 1024w, https:\/\/campingdauberoche.fr\/wp-content\/uploads\/2024\/07\/Camping-Auberoche-Jeux-Enfants-300x200.jpg 300w, https:\/\/campingdauberoche.fr\/wp-content\/uploads\/2024\/07\/Camping-Auberoche-Jeux-Enfants-768x512.jpg 768w\" sizes=\"auto, (max-width: 1024px) 100vw, 1024px\" \/><\/figure><\/div>\n\n\n\n<div style=\"height:50px\" aria-hidden=\"true\" class=\"wp-block-spacer\"><\/div>\n\n\n\n<h2 class=\"wp-block-heading\">Family-friendly campsite in P\u00e9rigueux, Dordogne<\/h2>\n\n\n\n<p>Our 3-star campsite in the Dordogne offers entertainment for all ages during the summer months. However, the campsite remains <strong>quiet<\/strong>, as we are committed to a <strong>relaxing<\/strong> atmosphere for all. That&#8217;s why we don&#8217;t offer continuous<strong>activities<\/strong> or entertainment, but only a few days a week.  <\/p>\n\n\n\n<div style=\"height:50px\" aria-hidden=\"true\" class=\"wp-block-spacer\"><\/div>\n\n\n\n<div class=\"wp-block-media-text is-stacked-on-mobile is-image-fill\"><figure class=\"wp-block-media-text__media\" style=\"background-image:url(https:\/\/campingdauberoche.fr\/wp-content\/uploads\/2024\/07\/AdobeStock_581780059-1024x683.jpeg);background-position:50% 50%\"><img alt=\"Deux verres de vin rouge sur la table.\" loading=\"lazy\" decoding=\"async\" width=\"1024\" height=\"683\" src=\"https:\/\/campingdauberoche.fr\/wp-content\/uploads\/2024\/07\/AdobeStock_581780059-1024x683.jpeg\" alt=\"\" class=\"wp-image-388 size-full\" srcset=\"https:\/\/campingdauberoche.fr\/wp-content\/uploads\/2024\/07\/AdobeStock_581780059-1024x683.jpeg 1024w, https:\/\/campingdauberoche.fr\/wp-content\/uploads\/2024\/07\/AdobeStock_581780059-300x200.jpeg 300w, https:\/\/campingdauberoche.fr\/wp-content\/uploads\/2024\/07\/AdobeStock_581780059-768x512.jpeg 768w\" sizes=\"auto, (max-width: 1024px) 100vw, 1024px\" \/><\/figure><div class=\"wp-block-media-text__content\">\n<h3 class=\"wp-block-heading\">Le Pot d&#8217;Accueil<\/h3>\n\n\n\n<p>Every Sunday morning, we invite you to share a welcome drink with us. We particularly appreciate this opportunity to meet you and get to know each other. We&#8217;ll introduce you to our campsite, its operations, activities and entertainment.  <\/p>\n\n\n\n<p>Together with our partners, we&#8217;re going to introduce ourselves and show you the many activities on offer at the campsite during your stay.<\/p>\n<\/div><\/div>\n\n\n\n<div style=\"height:50px\" aria-hidden=\"true\" class=\"wp-block-spacer\"><\/div>\n\n\n\n<div class=\"wp-block-media-text has-media-on-the-right is-stacked-on-mobile is-image-fill\"><div class=\"wp-block-media-text__content\">\n<h3 class=\"wp-block-heading\">Sports events<\/h3>\n\n\n\n<p>We offer warm and friendly entertainment for all generations. Swimming pool at night, depending on the weather, the inevitable p\u00e9tanque tournament, hiking, canoeing, archery&#8230; depending on demand. <\/p>\n\n\n\n<p>Some of these activities are professionally organized and available at extra cost.<\/p>\n\n\n\n<p>For <strong>hiking<\/strong> enthusiasts, &#8220;Les Chemins du Patrimoine&#8221; (Heritage Trails) depart from the campsite and take you on a circuit around our commune, enabling you to discover the architecture and <strong>castles<\/strong>, not forgetting our beautiful 12th-century Chapelle d&#8217;Auberoche, which overlooks our campsite. Other loops departing from Le Change are also available on beautiful wooded paths along the Auv\u00e9z\u00e8re river. <\/p>\n<\/div><figure class=\"wp-block-media-text__media\" style=\"background-image:url(https:\/\/campingdauberoche.fr\/wp-content\/uploads\/2024\/06\/petanque-2689347_1920-1024x751.jpg);background-position:50% 50%\"><img alt=\"Personne jouant \u00e0 la p\u00e9tanque en ext\u00e9rieur.\" loading=\"lazy\" decoding=\"async\" width=\"1024\" height=\"751\" src=\"https:\/\/campingdauberoche.fr\/wp-content\/uploads\/2024\/06\/petanque-2689347_1920-1024x751.jpg\" alt=\"\" class=\"wp-image-104 size-full\" srcset=\"https:\/\/campingdauberoche.fr\/wp-content\/uploads\/2024\/06\/petanque-2689347_1920-1024x751.jpg 1024w, https:\/\/campingdauberoche.fr\/wp-content\/uploads\/2024\/06\/petanque-2689347_1920-300x220.jpg 300w, https:\/\/campingdauberoche.fr\/wp-content\/uploads\/2024\/06\/petanque-2689347_1920-768x564.jpg 768w, https:\/\/campingdauberoche.fr\/wp-content\/uploads\/2024\/06\/petanque-2689347_1920.jpg 1920w\" sizes=\"auto, (max-width: 1024px) 100vw, 1024px\" \/><\/figure><\/div>\n\n\n\n<div style=\"height:50px\" aria-hidden=\"true\" class=\"wp-block-spacer\"><\/div>\n\n\n\n<div class=\"wp-block-media-text is-stacked-on-mobile is-image-fill\"><figure class=\"wp-block-media-text__media\" style=\"background-image:url(https:\/\/campingdauberoche.fr\/wp-content\/uploads\/2024\/07\/Flashpixstudio-0279-1024x683.jpg);background-position:50% 50%\"><img alt=\"Groupe assis en cercle dans un parc verdoyant.\" loading=\"lazy\" decoding=\"async\" width=\"1024\" height=\"683\" src=\"https:\/\/campingdauberoche.fr\/wp-content\/uploads\/2024\/07\/Flashpixstudio-0279-1024x683.jpg\" alt=\"\" class=\"wp-image-268 size-full\" srcset=\"https:\/\/campingdauberoche.fr\/wp-content\/uploads\/2024\/07\/Flashpixstudio-0279-1024x683.jpg 1024w, https:\/\/campingdauberoche.fr\/wp-content\/uploads\/2024\/07\/Flashpixstudio-0279-300x200.jpg 300w, https:\/\/campingdauberoche.fr\/wp-content\/uploads\/2024\/07\/Flashpixstudio-0279-768x512.jpg 768w\" sizes=\"auto, (max-width: 1024px) 100vw, 1024px\" \/><\/figure><div class=\"wp-block-media-text__content\">\n<h3 class=\"wp-block-heading\">Entertainment<\/h3>\n\n\n\n<p>A <strong>professional<\/strong>, Diego, offers <strong>relaxation sessions<\/strong> for a moment of well-being in his flip-flops! These sessions take place <strong>by the river<\/strong> or in a quiet, restorative spot on the campsite, in the shade of trees if required. <\/p>\n\n\n\n<p>Val\u00e9rie offers you a <strong>massage by the water<\/strong> or on your pitch. They come to the campsite for your well-being. <\/p>\n\n\n\n<p>In high season, we offer a <strong>weekly schedule<\/strong>, which will be sent to you on arrival and displayed at reception.<\/p>\n<\/div><\/div>\n\n\n\n<div style=\"height:50px\" aria-hidden=\"true\" class=\"wp-block-spacer\"><\/div>\n\n\n\n<div class=\"wp-block-media-text has-media-on-the-right is-stacked-on-mobile is-image-fill\"><div class=\"wp-block-media-text__content\">\n<h3 class=\"wp-block-heading\">Animated Evenings  <\/h3>\n\n\n\n<p>On certain evenings, we offer themed entertainment <strong>for families<\/strong> and friends, including <strong>concerts<\/strong>, karaoke, country music and <strong>dancing<\/strong>.<\/p>\n\n\n\n<p>Every Wednesday evening, it&#8217;s the traditional <strong>giant barbecue<\/strong> where everyone comes with their grilled food and we all share the evening together, including ourselves. A real moment of <strong>sharing<\/strong> between you and us and between campers. <\/p>\n\n\n\n<p>A good atmosphere guaranteed for all these festivities until 11:30 pm to ensure the campsite&#8217;s night-time calm.<\/p>\n<\/div><figure class=\"wp-block-media-text__media\" style=\"background-image:url(https:\/\/campingdauberoche.fr\/wp-content\/uploads\/2024\/07\/Flashpixstudio-0018-1024x683.jpg);background-position:50% 50%\"><img alt=\"F\u00eate en plein air avec food truck et musique.\" loading=\"lazy\" decoding=\"async\" width=\"1024\" height=\"683\" src=\"https:\/\/campingdauberoche.fr\/wp-content\/uploads\/2024\/07\/Flashpixstudio-0018-1024x683.jpg\" alt=\"\" class=\"wp-image-224 size-full\" srcset=\"https:\/\/campingdauberoche.fr\/wp-content\/uploads\/2024\/07\/Flashpixstudio-0018-1024x683.jpg 1024w, https:\/\/campingdauberoche.fr\/wp-content\/uploads\/2024\/07\/Flashpixstudio-0018-300x200.jpg 300w, https:\/\/campingdauberoche.fr\/wp-content\/uploads\/2024\/07\/Flashpixstudio-0018-768x512.jpg 768w\" sizes=\"auto, (max-width: 1024px) 100vw, 1024px\" \/><\/figure><\/div>\n\n\n\n<div style=\"height:50px\" aria-hidden=\"true\" class=\"wp-block-spacer\"><\/div>\n\n\n\n<div class=\"wp-block-media-text is-stacked-on-mobile is-image-fill\"><figure class=\"wp-block-media-text__media\" style=\"background-image:url(https:\/\/campingdauberoche.fr\/wp-content\/uploads\/2025\/01\/camping-auberoche-velo-gravel-1024x576.jpeg);background-position:50% 50%\"><img alt=\"V\u00e9lo d\u00e9rapant dans la poussi\u00e8re sur un chemin.\" loading=\"lazy\" decoding=\"async\" width=\"1024\" height=\"576\" src=\"https:\/\/campingdauberoche.fr\/wp-content\/uploads\/2025\/01\/camping-auberoche-velo-gravel-1024x576.jpeg\" alt=\"\" class=\"wp-image-2863 size-full\" srcset=\"https:\/\/campingdauberoche.fr\/wp-content\/uploads\/2025\/01\/camping-auberoche-velo-gravel-1024x576.jpeg 1024w, https:\/\/campingdauberoche.fr\/wp-content\/uploads\/2025\/01\/camping-auberoche-velo-gravel-300x169.jpeg 300w, https:\/\/campingdauberoche.fr\/wp-content\/uploads\/2025\/01\/camping-auberoche-velo-gravel-768x432.jpeg 768w\" sizes=\"auto, (max-width: 1024px) 100vw, 1024px\" \/><\/figure><div class=\"wp-block-media-text__content\">\n<h3 class=\"wp-block-heading\">Discover gravel biking: a must-do activity in the Dordogne<\/h3>\n\n\n\n<p>If you love cycling and adventure, <strong>gravel biking <\/strong>is for you! Ideally located in the heart of the P\u00e9rigord Noir, Camping d&#8217;Auberoche is the perfect base for exploring the magnificent Dordogne countryside. Gravel biking, a cross between road biking and mountain biking, allows you to ride on a variety of trails: forest paths, small country roads and dirt tracks. Whether you&#8217;re a novice or an enthusiast, there are several courses for all levels within easy reach. Come and enjoy a unique experience in the heart of nature, combining sport, exploration and relaxation.    <\/p>\n<\/div><\/div>\n<\/div><\/div>\n","protected":false},"excerpt":{"rendered":"<p>Activities for the whole family at the campsite Although we opted for a quiet, restful campsite, staying at Camping d&#8217;Auberoche doesn&#8217;t mean dullness and inactivity. Spend a memorable vacation in the Dordogne, in a natural and rural setting, with daytime and evening activities at Camping d&#8217;Auberoche, a family campsite near P\u00e9rigueux. Discover activities and entertainment [&hellip;]<\/p>\n","protected":false},"author":1,"featured_media":105,"parent":0,"menu_order":0,"comment_status":"closed","ping_status":"closed","template":"","meta":{"_acf_changed":false,"_seopress_robots_primary_cat":"","_seopress_titles_title":"Camping with entertainment P\u00e9rigueux | Family campsite Dordogne","_seopress_titles_desc":"Looking for an active holiday in P\u00e9rigueux? Our campsite offers sporting activities for the whole family in the Dordogne.","_seopress_robots_index":"","footnotes":""},"class_list":["post-2433","page","type-page","status-publish","has-post-thumbnail","hentry"],"acf":[],"_links":{"self":[{"href":"https:\/\/campingdauberoche.fr\/en\/wp-json\/wp\/v2\/pages\/2433","targetHints":{"allow":["GET"]}}],"collection":[{"href":"https:\/\/campingdauberoche.fr\/en\/wp-json\/wp\/v2\/pages"}],"about":[{"href":"https:\/\/campingdauberoche.fr\/en\/wp-json\/wp\/v2\/types\/page"}],"author":[{"embeddable":true,"href":"https:\/\/campingdauberoche.fr\/en\/wp-json\/wp\/v2\/users\/1"}],"replies":[{"embeddable":true,"href":"https:\/\/campingdauberoche.fr\/en\/wp-json\/wp\/v2\/comments?post=2433"}],"version-history":[{"count":2,"href":"https:\/\/campingdauberoche.fr\/en\/wp-json\/wp\/v2\/pages\/2433\/revisions"}],"predecessor-version":[{"id":3917,"href":"https:\/\/campingdauberoche.fr\/en\/wp-json\/wp\/v2\/pages\/2433\/revisions\/3917"}],"wp:featuredmedia":[{"embeddable":true,"href":"https:\/\/campingdauberoche.fr\/en\/wp-json\/wp\/v2\/media\/105"}],"wp:attachment":[{"href":"https:\/\/campingdauberoche.fr\/en\/wp-json\/wp\/v2\/media?parent=2433"}],"curies":[{"name":"wp","href":"https:\/\/api.w.org\/{rel}","templated":true}]}}