{"id":3710,"date":"2025-11-27T14:24:18","date_gmt":"2025-11-27T13:24:18","guid":{"rendered":"https:\/\/campingdauberoche.fr\/dogs-at-the-campsite\/"},"modified":"2026-01-20T15:31:19","modified_gmt":"2026-01-20T14:31:19","slug":"dogs-at-the-campsite","status":"publish","type":"page","link":"https:\/\/campingdauberoche.fr\/en\/dogs-at-the-campsite\/","title":{"rendered":"Dogs at the campsite"},"content":{"rendered":"\n<div class=\"wp-block-group pluneflex\"><div class=\"wp-block-group__inner-container is-layout-constrained wp-block-group-is-layout-constrained\">\n<div style=\"height:50px\" aria-hidden=\"true\" class=\"wp-block-spacer\"><\/div>\n\n\n\n<div class=\"wp-block-media-text is-stacked-on-mobile is-vertically-aligned-center is-image-fill\" style=\"grid-template-columns:58% auto\"><figure class=\"wp-block-media-text__media\" style=\"background-image:url(https:\/\/campingdauberoche.fr\/wp-content\/uploads\/2025\/12\/Publication-Facebook-animaux-moderne-jaune-1024x538.png);background-position:50% 50%\"><img alt=\"Camping acceptant chiens, labellis\u00e9 Qualidog, accueil chaleureux.\" loading=\"lazy\" decoding=\"async\" width=\"1024\" height=\"538\" src=\"https:\/\/campingdauberoche.fr\/wp-content\/uploads\/2025\/12\/Publication-Facebook-animaux-moderne-jaune-1024x538.png\" alt=\"\" class=\"wp-image-3752 size-full\" srcset=\"https:\/\/campingdauberoche.fr\/wp-content\/uploads\/2025\/12\/Publication-Facebook-animaux-moderne-jaune-1024x538.png 1024w, https:\/\/campingdauberoche.fr\/wp-content\/uploads\/2025\/12\/Publication-Facebook-animaux-moderne-jaune-300x158.png 300w, https:\/\/campingdauberoche.fr\/wp-content\/uploads\/2025\/12\/Publication-Facebook-animaux-moderne-jaune-768x403.png 768w, https:\/\/campingdauberoche.fr\/wp-content\/uploads\/2025\/12\/Publication-Facebook-animaux-moderne-jaune.png 1200w\" sizes=\"auto, (max-width: 1024px) 100vw, 1024px\" \/><\/figure><div class=\"wp-block-media-text__content\">\n<p><strong>Welcome your faithful companions to our little paradise surrounded by nature in the Dordogne, the Auberoche Campsite. <\/strong><\/p>\n\n\n\n<p>A perfect place to share your stay with your pet, who will be welcomed with pleasure.<\/p>\n\n\n\n<p>Our establishment has been awarded the Qualidog label by Emm\u00e8ne ton chien.com and has obtained \u20182 Qualidog truffles\u2019.<\/p>\n\n\n\n<p><\/p>\n<\/div><\/div>\n\n\n\n<div style=\"height:30px\" aria-hidden=\"true\" class=\"wp-block-spacer\"><\/div>\n\n\n\n<h2 class=\"wp-block-heading\">Our friends the cats<\/h2>\n\n\n\n<div style=\"height:30px\" aria-hidden=\"true\" class=\"wp-block-spacer\"><\/div>\n\n\n\n<div class=\"wp-block-plune-blocks-gallery layout-regular\"><figure class=\"gallery\"><a href=\"https:\/\/campingdauberoche.fr\/wp-content\/uploads\/2025\/11\/20210531_171035-768x1024.jpg\" data-fancybox=\"gallery-3423\"><img decoding=\"async\" src=\"https:\/\/campingdauberoche.fr\/wp-content\/uploads\/2025\/11\/20210531_171035-768x1024.jpg\" alt=\"\"><\/a><a href=\"https:\/\/campingdauberoche.fr\/wp-content\/uploads\/2025\/11\/20210331_1548561.jpg\" data-fancybox=\"gallery-3423\"><img decoding=\"async\" src=\"https:\/\/campingdauberoche.fr\/wp-content\/uploads\/2025\/11\/20210331_1548561.jpg\" alt=\"\"><\/a><a href=\"https:\/\/campingdauberoche.fr\/wp-content\/uploads\/2025\/11\/20230606_1527141.jpg\" data-fancybox=\"gallery-3423\"><img decoding=\"async\" src=\"https:\/\/campingdauberoche.fr\/wp-content\/uploads\/2025\/11\/20230606_1527141.jpg\" alt=\"\"><\/a><\/figure><\/div>\n\n\n\n<div style=\"height:30px\" aria-hidden=\"true\" class=\"wp-block-spacer\"><\/div>\n\n\n\n<div class=\"wp-block-media-text has-media-on-the-right is-stacked-on-mobile is-image-fill\"><div class=\"wp-block-media-text__content\">\n<p><strong>Dogs and cats have been a part of our lives<\/strong> since childhood, and the tradition continues with our children. How could we refuse them on the campsite! You&#8217;ll have the chance to meet our 3 kittens around our house.  <\/p>\n\n\n\n<p>It seems obvious to us that, as accommodation providers, we have a duty to welcome dogs in order to combat abandonment as the holidays approach.<\/p>\n<\/div><figure class=\"wp-block-media-text__media\" style=\"background-image:url(https:\/\/campingdauberoche.fr\/wp-content\/uploads\/2025\/11\/20210423_173518-768x1024.jpg);background-position:50% 50%\"><img alt=\"Chat tricolore se reposant sur l&#039;herbe\" loading=\"lazy\" decoding=\"async\" width=\"768\" height=\"1024\" src=\"https:\/\/campingdauberoche.fr\/wp-content\/uploads\/2025\/11\/20210423_173518-768x1024.jpg\" alt=\"\" class=\"wp-image-3397 size-full\" srcset=\"https:\/\/campingdauberoche.fr\/wp-content\/uploads\/2025\/11\/20210423_173518-768x1024.jpg 768w, https:\/\/campingdauberoche.fr\/wp-content\/uploads\/2025\/11\/20210423_173518-225x300.jpg 225w, https:\/\/campingdauberoche.fr\/wp-content\/uploads\/2025\/11\/20210423_173518.jpg 1008w\" sizes=\"auto, (max-width: 768px) 100vw, 768px\" \/><\/figure><\/div>\n\n\n\n<div style=\"height:50px\" aria-hidden=\"true\" class=\"wp-block-spacer\"><\/div>\n\n\n\n<h2 class=\"wp-block-heading\">Dedicated spaces<\/h2>\n\n\n\n<div style=\"height:30px\" aria-hidden=\"true\" class=\"wp-block-spacer\"><\/div>\n\n\n\n<div class=\"wp-block-media-text is-stacked-on-mobile is-image-fill\" style=\"grid-template-columns:49% auto\"><figure class=\"wp-block-media-text__media\" style=\"background-image:url(https:\/\/campingdauberoche.fr\/wp-content\/uploads\/2025\/11\/20250725_095434-768x1024.jpg);background-position:50% 50%\"><img alt=\"Personnes et chien pr\u00e8s de la rivi\u00e8re en for\u00eat.\" loading=\"lazy\" decoding=\"async\" width=\"768\" height=\"1024\" src=\"https:\/\/campingdauberoche.fr\/wp-content\/uploads\/2025\/11\/20250725_095434-768x1024.jpg\" alt=\"\" class=\"wp-image-3407 size-full\" srcset=\"https:\/\/campingdauberoche.fr\/wp-content\/uploads\/2025\/11\/20250725_095434-768x1024.jpg 768w, https:\/\/campingdauberoche.fr\/wp-content\/uploads\/2025\/11\/20250725_095434-225x300.jpg 225w, https:\/\/campingdauberoche.fr\/wp-content\/uploads\/2025\/11\/20250725_095434.jpg 1000w\" sizes=\"auto, (max-width: 768px) 100vw, 768px\" \/><\/figure><div class=\"wp-block-media-text__content\">\n<p>To give your dog a pleasant experience, you&#8217;ll be able to enjoy spaces where he can run free.  <\/p>\n\n\n\n<ul class=\"wp-block-list\">\n<li>A large area by the pool where we allow people to run and play without a leash.<\/li>\n\n\n\n<li>Trails and paths suitable for walks<\/li>\n\n\n\n<li>A river with direct access from the campsite where they can swim, and they love it!<\/li>\n\n\n\n<li>A well-wooded and therefore shaded campsite for their comfort, with beautiful spaces.<\/li>\n\n\n\n<li>A bowl of water at reception for refreshment after a walk<\/li>\n\n\n\n<li>Your dog is allowed on the entire Auberoche campsite: bar, snack bar, tent, except in the swimming pool area for hygiene reasons.<\/li>\n<\/ul>\n<\/div><\/div>\n\n\n\n<div style=\"height:50px\" aria-hidden=\"true\" class=\"wp-block-spacer\"><\/div>\n\n\n\n<p>We understand how important it is for your dog to be with you on your vacation, and we do everything we can to ensure that his stay is as pleasant as possible. Your pet will receive a warm welcome at Camping d&#8217;Auberoche (we love petting them, and they&#8217;ll come and ask for it!), and we&#8217;ll provide you with specially adapted areas to ensure your comfort and that of your dog. <\/p>\n\n\n\n<p>At Camping d&#8217;Auberoche, we have implemented a policy that respects both your dog and other campers.<\/p>\n\n\n\n<h2 class=\"wp-block-heading has-text-align-right\">For a respectful stay<\/h2>\n\n\n\n<div style=\"height:30px\" aria-hidden=\"true\" class=\"wp-block-spacer\"><\/div>\n\n\n\n<div class=\"wp-block-media-text has-media-on-the-right is-stacked-on-mobile is-image-fill\"><div class=\"wp-block-media-text__content\">\n<div style=\"height:30px\" aria-hidden=\"true\" class=\"wp-block-spacer\"><\/div>\n\n\n\n<p><\/p>\n\n\n\n<p>To ensure a pleasant experience for all campers, there<strong> are a few simple golden rules to follow:<\/strong>:<\/p>\n\n\n\n<p><\/p>\n\n\n\n<ul class=\"wp-block-list\">\n<li><strong>For safety reasons,<\/strong> we ask that they be kept on a lead within the campsite and accompanied on every walk.<\/li>\n\n\n\n<li><strong>Upon arrival,<\/strong> you will present their identification passport and vaccination record.<\/li>\n\n\n\n<li><strong>Site cleanliness:<\/strong> We ask that you pick up after your pets in all areas.<\/li>\n\n\n\n<li><strong>Respect<\/strong> the peace and quiet of other campers and never leave your dog unattended. Similarly, do not leave your pet alone in the accommodation, as this could cause it to suffer from severe heatstroke. <\/li>\n<\/ul>\n\n\n\n<p><\/p>\n<\/div><figure class=\"wp-block-media-text__media\" style=\"background-image:url(https:\/\/campingdauberoche.fr\/wp-content\/uploads\/2025\/11\/20250808_091457-768x1024.jpg);background-position:12% 47%\"><img alt=\"Groupe de personnes marchant avec un chien.\" loading=\"lazy\" decoding=\"async\" width=\"768\" height=\"1024\" src=\"https:\/\/campingdauberoche.fr\/wp-content\/uploads\/2025\/11\/20250808_091457-768x1024.jpg\" alt=\"\" class=\"wp-image-3405 size-full\" srcset=\"https:\/\/campingdauberoche.fr\/wp-content\/uploads\/2025\/11\/20250808_091457-768x1024.jpg 768w, https:\/\/campingdauberoche.fr\/wp-content\/uploads\/2025\/11\/20250808_091457-225x300.jpg 225w, https:\/\/campingdauberoche.fr\/wp-content\/uploads\/2025\/11\/20250808_091457.jpg 1000w\" sizes=\"auto, (max-width: 768px) 100vw, 768px\" \/><\/figure><\/div>\n\n\n\n<div style=\"height:50px\" aria-hidden=\"true\" class=\"wp-block-spacer\"><\/div>\n\n\n\n<h2 class=\"wp-block-heading\"><strong>Comfortable accommodation for you and your dog:<\/strong><\/h2>\n\n\n\n<div style=\"height:30px\" aria-hidden=\"true\" class=\"wp-block-spacer\"><\/div>\n\n\n\n<div class=\"wp-block-media-text is-stacked-on-mobile is-image-fill\"><figure class=\"wp-block-media-text__media\" style=\"background-image:url(https:\/\/campingdauberoche.fr\/wp-content\/uploads\/2024\/08\/camping_auberoche_dordogne_mercure29_nvl_1-1024x683.jpg);background-position:51% 49%\"><img alt=\"Chalet en bois dans la nature verdoyante.\" loading=\"lazy\" decoding=\"async\" width=\"1024\" height=\"683\" src=\"https:\/\/campingdauberoche.fr\/wp-content\/uploads\/2024\/08\/camping_auberoche_dordogne_mercure29_nvl_1-1024x683.jpg\" alt=\"\" class=\"wp-image-2358 size-full\" srcset=\"https:\/\/campingdauberoche.fr\/wp-content\/uploads\/2024\/08\/camping_auberoche_dordogne_mercure29_nvl_1-1024x683.jpg 1024w, https:\/\/campingdauberoche.fr\/wp-content\/uploads\/2024\/08\/camping_auberoche_dordogne_mercure29_nvl_1-300x200.jpg 300w, https:\/\/campingdauberoche.fr\/wp-content\/uploads\/2024\/08\/camping_auberoche_dordogne_mercure29_nvl_1-768x512.jpg 768w\" sizes=\"auto, (max-width: 1024px) 100vw, 1024px\" \/><\/figure><div class=\"wp-block-media-text__content\">\n<p>For a truly enjoyable stay, we offer: <\/p>\n\n\n\n<p><\/p>\n\n\n\n<p><\/p>\n\n\n\n<ul class=\"wp-block-list\">\n<li><strong>Mobile homes with gated<\/strong>, semi-covered and shaded <strong>terraces<\/strong>.<\/li>\n\n\n\n<li>Some of our mobile homes have air conditioning.<\/li>\n\n\n\n<li>A <strong>large g\u00eete with an enclosed courtyard<\/strong>.<\/li>\n<\/ul>\n\n\n\n<p><\/p>\n\n\n\n<p><\/p>\n<\/div><\/div>\n<\/div><\/div>\n\n<p><\/p>\n\n<p>In the Dordogne, many sites accept dogs for visits, which is not insignificant.<\/p>\n\n<p>Camping d&#8217;Auberoche looks forward to welcoming you for a wonderful holiday and unforgettable moments with your family, and can&#8217;t wait to meet your furry friend!<\/p>\n","protected":false},"excerpt":{"rendered":"<p>Welcome your faithful companions to our little paradise surrounded by nature in the Dordogne, the Auberoche Campsite. A perfect place to share your stay with your pet, who will be welcomed with pleasure. Our establishment has been awarded the Qualidog label by Emm\u00e8ne ton chien.com and has obtained \u20182 Qualidog truffles\u2019. Our friends the cats [&hellip;]<\/p>\n","protected":false},"author":2,"featured_media":3753,"parent":0,"menu_order":0,"comment_status":"closed","ping_status":"closed","template":"","meta":{"_acf_changed":false,"_seopress_robots_primary_cat":"","_seopress_titles_title":"Home Camping chien Dordogne | camping dog-friendly \u00e0 P\u00e9rigueux","_seopress_titles_desc":"","_seopress_robots_index":"","footnotes":""},"class_list":["post-3710","page","type-page","status-publish","has-post-thumbnail","hentry"],"acf":[],"_links":{"self":[{"href":"https:\/\/campingdauberoche.fr\/en\/wp-json\/wp\/v2\/pages\/3710","targetHints":{"allow":["GET"]}}],"collection":[{"href":"https:\/\/campingdauberoche.fr\/en\/wp-json\/wp\/v2\/pages"}],"about":[{"href":"https:\/\/campingdauberoche.fr\/en\/wp-json\/wp\/v2\/types\/page"}],"author":[{"embeddable":true,"href":"https:\/\/campingdauberoche.fr\/en\/wp-json\/wp\/v2\/users\/2"}],"replies":[{"embeddable":true,"href":"https:\/\/campingdauberoche.fr\/en\/wp-json\/wp\/v2\/comments?post=3710"}],"version-history":[{"count":3,"href":"https:\/\/campingdauberoche.fr\/en\/wp-json\/wp\/v2\/pages\/3710\/revisions"}],"predecessor-version":[{"id":3910,"href":"https:\/\/campingdauberoche.fr\/en\/wp-json\/wp\/v2\/pages\/3710\/revisions\/3910"}],"wp:featuredmedia":[{"embeddable":true,"href":"https:\/\/campingdauberoche.fr\/en\/wp-json\/wp\/v2\/media\/3753"}],"wp:attachment":[{"href":"https:\/\/campingdauberoche.fr\/en\/wp-json\/wp\/v2\/media?parent=3710"}],"curies":[{"name":"wp","href":"https:\/\/api.w.org\/{rel}","templated":true}]}}